{"id":31894,"date":"2016-06-06T21:44:17","date_gmt":"2016-06-06T19:44:17","guid":{"rendered":"http:\/\/baerbelsinger.de\/kontakt\/"},"modified":"2024-09-26T11:07:17","modified_gmt":"2024-09-26T09:07:17","slug":"contakt","status":"publish","type":"page","link":"https:\/\/baerbelsinger.de\/en\/contakt\/","title":{"rendered":"CONTACT"},"content":{"rendered":"<p>[et_pb_section fb_built=&#8221;1&#8243; custom_padding_last_edited=&#8221;on|phone&#8221; disabled_on=&#8221;on|off|off&#8221; _builder_version=&#8221;4.26.0&#8243; background_color=&#8221;#AE5A13&#8243; use_background_color_gradient=&#8221;on&#8221; background_color_gradient_stops=&#8221;#ae5a13 0%|#ad6932 100%&#8221; background_enable_image=&#8221;off&#8221; background_position=&#8221;top_center&#8221; min_height_tablet=&#8221;&#8221; min_height_phone=&#8221;auto&#8221; min_height_last_edited=&#8221;on|phone&#8221; height_tablet=&#8221;&#8221; height_phone=&#8221;auto&#8221; height_last_edited=&#8221;on|phone&#8221; max_height=&#8221;550px&#8221; max_height_tablet=&#8221;&#8221; max_height_phone=&#8221;&#8221; max_height_last_edited=&#8221;on|desktop&#8221; custom_margin=&#8221;||||false|false&#8221; custom_padding=&#8221;0|0px|0px|0px|false|false&#8221; custom_padding_tablet=&#8221;&#8221; custom_padding_phone=&#8221;0px|0px|0px|0px|false|false&#8221; background_last_edited=&#8221;on|phone&#8221; parallax_phone=&#8221;off&#8221; background_size_phone=&#8221;cover&#8221; background_position_phone=&#8221;center_right&#8221; transparent_background=&#8221;off&#8221; locked=&#8221;off&#8221; global_colors_info=&#8221;{}&#8221;][et_pb_row column_structure=&#8221;2_3,1_3&#8243; custom_padding_last_edited=&#8221;on|phone&#8221; disabled_on=&#8221;off|off|off&#8221; _builder_version=&#8221;4.26.0&#8243; background_size=&#8221;initial&#8221; background_position=&#8221;top_left&#8221; background_repeat=&#8221;repeat&#8221; custom_margin=&#8221;||||false|false&#8221; custom_padding=&#8221;19px|15px|52px||false|false&#8221; custom_padding_tablet=&#8221;||0px|&#8221; custom_padding_phone=&#8221;4px|15px|0px||false|false&#8221; global_colors_info=&#8221;{}&#8221;][et_pb_column type=&#8221;2_3&#8243; _builder_version=&#8221;4.16&#8243; custom_padding=&#8221;|||&#8221; global_colors_info=&#8221;{}&#8221; custom_padding__hover=&#8221;|||&#8221;][et_pb_image src=&#8221;https:\/\/baerbelsinger.de\/wp-content\/uploads\/2024\/09\/HEADER-Baerbel-Singer-individual-1.png&#8221; alt=&#8221;Berufsausbildung zur Praktiker*in der Grinberg Methode&#8221; title_text=&#8221;HEADER-Baerbel-Singer-individual&#8221; url=&#8221;http:\/\/ausbildung%20grinberg%20Methode&#8221; align_tablet=&#8221;&#8221; align_phone=&#8221;center&#8221; align_last_edited=&#8221;on|phone&#8221; disabled_on=&#8221;off|off|off&#8221; _builder_version=&#8221;4.27.0&#8243; _module_preset=&#8221;default&#8221; min_height=&#8221;33.2px&#8221; min_height_tablet=&#8221;33.2px&#8221; min_height_phone=&#8221;&#8221; min_height_last_edited=&#8221;on|phone&#8221; custom_margin=&#8221;||-12px|||&#8221; custom_padding=&#8221;20px||||false|false&#8221; global_colors_info=&#8221;{}&#8221;][\/et_pb_image][\/et_pb_column][et_pb_column type=&#8221;1_3&#8243; disabled_on=&#8221;on|off|off&#8221; _builder_version=&#8221;4.26.0&#8243; custom_padding=&#8221;|||&#8221; global_colors_info=&#8221;{}&#8221; custom_padding__hover=&#8221;|||&#8221;][\/et_pb_column][\/et_pb_row][\/et_pb_section][et_pb_section fb_built=&#8221;1&#8243; custom_padding_last_edited=&#8221;on|phone&#8221; disabled_on=&#8221;off|on|on&#8221; _builder_version=&#8221;4.26.0&#8243; background_enable_color=&#8221;off&#8221; use_background_color_gradient=&#8221;on&#8221; background_color_gradient_stops=&#8221;#ae5a13 0%|#ad6932 100%&#8221; background_enable_image=&#8221;off&#8221; background_position=&#8221;top_center&#8221; min_height_tablet=&#8221;&#8221; min_height_phone=&#8221;auto&#8221; min_height_last_edited=&#8221;on|phone&#8221; height_tablet=&#8221;&#8221; height_phone=&#8221;auto&#8221; height_last_edited=&#8221;on|phone&#8221; max_height=&#8221;550px&#8221; max_height_tablet=&#8221;&#8221; max_height_phone=&#8221;&#8221; max_height_last_edited=&#8221;on|desktop&#8221; custom_margin=&#8221;||||false|false&#8221; custom_padding=&#8221;0|0px|0px|0px|false|false&#8221; custom_padding_tablet=&#8221;&#8221; custom_padding_phone=&#8221;0px|0px|0px|0px|false|false&#8221; background_last_edited=&#8221;on|phone&#8221; parallax_phone=&#8221;off&#8221; background_size_phone=&#8221;cover&#8221; background_position_phone=&#8221;center_right&#8221; transparent_background=&#8221;off&#8221; locked=&#8221;off&#8221; global_colors_info=&#8221;{}&#8221;][et_pb_row custom_padding_last_edited=&#8221;on|phone&#8221; disabled_on=&#8221;off|off|off&#8221; _builder_version=&#8221;4.26.0&#8243; background_size=&#8221;initial&#8221; background_position=&#8221;top_left&#8221; background_repeat=&#8221;repeat&#8221; custom_margin=&#8221;||||false|false&#8221; custom_padding=&#8221;19px|15px|52px||false|false&#8221; custom_padding_tablet=&#8221;||0px|&#8221; custom_padding_phone=&#8221;4px|15px|40px||false|false&#8221; global_colors_info=&#8221;{}&#8221;][et_pb_column type=&#8221;4_4&#8243; _builder_version=&#8221;4.16&#8243; custom_padding=&#8221;|||&#8221; global_colors_info=&#8221;{}&#8221; custom_padding__hover=&#8221;|||&#8221;][et_pb_image src=&#8221;https:\/\/baerbelsinger.de\/wp-content\/uploads\/2024\/09\/HEADER-Baerbel-Singer-individual-1.png&#8221; alt=&#8221;Berufsausbildung zur Praktiker*in der Grinberg Methode&#8221; title_text=&#8221;HEADER-Baerbel-Singer-individual&#8221; url=&#8221;http:\/\/ausbildung%20grinberg%20Methode&#8221; align_tablet=&#8221;&#8221; align_phone=&#8221;center&#8221; align_last_edited=&#8221;on|phone&#8221; disabled_on=&#8221;off|off|off&#8221; _builder_version=&#8221;4.27.0&#8243; _module_preset=&#8221;default&#8221; min_height=&#8221;33.2px&#8221; min_height_tablet=&#8221;33.2px&#8221; min_height_phone=&#8221;&#8221; min_height_last_edited=&#8221;on|phone&#8221; custom_margin=&#8221;||-12px|||&#8221; custom_padding=&#8221;20px||||false|false&#8221; global_colors_info=&#8221;{}&#8221;][\/et_pb_image][\/et_pb_column][\/et_pb_row][\/et_pb_section][et_pb_section fb_built=&#8221;1&#8243; _builder_version=&#8221;4.27.0&#8243; _module_preset=&#8221;default&#8221; custom_padding=&#8221;||5px|||&#8221; locked=&#8221;off&#8221; global_colors_info=&#8221;{}&#8221;][et_pb_row _builder_version=&#8221;4.27.0&#8243; _module_preset=&#8221;default&#8221; global_colors_info=&#8221;{}&#8221;][et_pb_column type=&#8221;4_4&#8243; _builder_version=&#8221;4.27.0&#8243; _module_preset=&#8221;default&#8221; global_colors_info=&#8221;{}&#8221;][et_pb_text _builder_version=&#8221;4.27.0&#8243; _module_preset=&#8221;default&#8221; hover_enabled=&#8221;0&#8243; global_colors_info=&#8221;{}&#8221; sticky_enabled=&#8221;0&#8243;]<\/p>\n<p>If you have questions about individual sessions or the sMove! training, feel free to send me an email, and I will get back to you promptly.<\/p>\n<p>[\/et_pb_text][\/et_pb_column][\/et_pb_row][et_pb_row _builder_version=&#8221;4.27.0&#8243; _module_preset=&#8221;default&#8221; background_color=&#8221;#e4e7dd&#8221; custom_padding=&#8221;30px|30px|30px|30px|true|true&#8221; border_radii=&#8221;off|30px||30px|&#8221; global_colors_info=&#8221;{}&#8221;][et_pb_column type=&#8221;4_4&#8243; _builder_version=&#8221;4.27.0&#8243; _module_preset=&#8221;default&#8221; global_colors_info=&#8221;{}&#8221;][et_pb_contact_form email=&#8221;mail@baerbelsinger.de  &#8221; success_message=&#8221;Vielen Dank f\u00fcr deine Mail&#8221; submit_button_text=&#8221;SENDEN&#8221; _builder_version=&#8221;4.27.0&#8243; _unique_id=&#8221;a162fd08-6906-4332-8827-c06f211bdd47&#8243; form_field_background_color=&#8221;#FFFFFF&#8221; captcha_letter_spacing=&#8221;4px&#8221; custom_button=&#8221;on&#8221; button_text_color=&#8221;#ffffff&#8221; button_bg_color=&#8221;#ae5a13&#8243; button_border_width=&#8221;0px&#8221; locked=&#8221;off&#8221; global_colors_info=&#8221;{}&#8221; button_bg_color__hover_enabled=&#8221;on|hover&#8221; button_bg_color__hover=&#8221;rgba(174,90,19,0.78)&#8221; button_bg_enable_color__hover=&#8221;on&#8221;][et_pb_contact_field field_id=&#8221;Name&#8221; field_title=&#8221;Name&#8221; _builder_version=&#8221;4.16&#8243; global_colors_info=&#8221;{}&#8221; button_text_size__hover_enabled=&#8221;off&#8221; button_one_text_size__hover_enabled=&#8221;off&#8221; button_two_text_size__hover_enabled=&#8221;off&#8221; button_text_color__hover_enabled=&#8221;off&#8221; button_one_text_color__hover_enabled=&#8221;off&#8221; button_two_text_color__hover_enabled=&#8221;off&#8221; button_border_width__hover_enabled=&#8221;off&#8221; button_one_border_width__hover_enabled=&#8221;off&#8221; button_two_border_width__hover_enabled=&#8221;off&#8221; button_border_color__hover_enabled=&#8221;off&#8221; button_one_border_color__hover_enabled=&#8221;off&#8221; button_two_border_color__hover_enabled=&#8221;off&#8221; button_border_radius__hover_enabled=&#8221;off&#8221; button_one_border_radius__hover_enabled=&#8221;off&#8221; button_two_border_radius__hover_enabled=&#8221;off&#8221; button_letter_spacing__hover_enabled=&#8221;off&#8221; button_one_letter_spacing__hover_enabled=&#8221;off&#8221; button_two_letter_spacing__hover_enabled=&#8221;off&#8221; button_bg_color__hover_enabled=&#8221;off&#8221; button_one_bg_color__hover_enabled=&#8221;off&#8221; button_two_bg_color__hover_enabled=&#8221;off&#8221;][\/et_pb_contact_field][et_pb_contact_field field_id=&#8221;Email&#8221; field_title=&#8221;E-Mail-Adresse&#8221; field_type=&#8221;email&#8221; _builder_version=&#8221;4.16&#8243; global_colors_info=&#8221;{}&#8221; button_text_size__hover_enabled=&#8221;off&#8221; button_one_text_size__hover_enabled=&#8221;off&#8221; button_two_text_size__hover_enabled=&#8221;off&#8221; button_text_color__hover_enabled=&#8221;off&#8221; button_one_text_color__hover_enabled=&#8221;off&#8221; button_two_text_color__hover_enabled=&#8221;off&#8221; button_border_width__hover_enabled=&#8221;off&#8221; button_one_border_width__hover_enabled=&#8221;off&#8221; button_two_border_width__hover_enabled=&#8221;off&#8221; button_border_color__hover_enabled=&#8221;off&#8221; button_one_border_color__hover_enabled=&#8221;off&#8221; button_two_border_color__hover_enabled=&#8221;off&#8221; button_border_radius__hover_enabled=&#8221;off&#8221; button_one_border_radius__hover_enabled=&#8221;off&#8221; button_two_border_radius__hover_enabled=&#8221;off&#8221; button_letter_spacing__hover_enabled=&#8221;off&#8221; button_one_letter_spacing__hover_enabled=&#8221;off&#8221; button_two_letter_spacing__hover_enabled=&#8221;off&#8221; button_bg_color__hover_enabled=&#8221;off&#8221; button_one_bg_color__hover_enabled=&#8221;off&#8221; button_two_bg_color__hover_enabled=&#8221;off&#8221;][\/et_pb_contact_field][et_pb_contact_field field_id=&#8221;Message&#8221; field_title=&#8221;Nachricht&#8221; field_type=&#8221;text&#8221; fullwidth_field=&#8221;on&#8221; _builder_version=&#8221;4.16&#8243; global_colors_info=&#8221;{}&#8221; button_text_size__hover_enabled=&#8221;off&#8221; button_one_text_size__hover_enabled=&#8221;off&#8221; button_two_text_size__hover_enabled=&#8221;off&#8221; button_text_color__hover_enabled=&#8221;off&#8221; button_one_text_color__hover_enabled=&#8221;off&#8221; button_two_text_color__hover_enabled=&#8221;off&#8221; button_border_width__hover_enabled=&#8221;off&#8221; button_one_border_width__hover_enabled=&#8221;off&#8221; button_two_border_width__hover_enabled=&#8221;off&#8221; button_border_color__hover_enabled=&#8221;off&#8221; button_one_border_color__hover_enabled=&#8221;off&#8221; button_two_border_color__hover_enabled=&#8221;off&#8221; button_border_radius__hover_enabled=&#8221;off&#8221; button_one_border_radius__hover_enabled=&#8221;off&#8221; button_two_border_radius__hover_enabled=&#8221;off&#8221; button_letter_spacing__hover_enabled=&#8221;off&#8221; button_one_letter_spacing__hover_enabled=&#8221;off&#8221; button_two_letter_spacing__hover_enabled=&#8221;off&#8221; button_bg_color__hover_enabled=&#8221;off&#8221; button_one_bg_color__hover_enabled=&#8221;off&#8221; button_two_bg_color__hover_enabled=&#8221;off&#8221;][\/et_pb_contact_field][\/et_pb_contact_form][et_pb_text _builder_version=&#8221;4.27.0&#8243; text_text_color=&#8221;#666666&#8243; text_font_size=&#8221;14px&#8221; text_line_height=&#8221;1.5em&#8221; background_size=&#8221;initial&#8221; background_position=&#8221;top_left&#8221; background_repeat=&#8221;repeat&#8221; module_alignment=&#8221;left&#8221; custom_margin=&#8221;-16px|||||&#8221; hover_enabled=&#8221;0&#8243; locked=&#8221;off&#8221; global_colors_info=&#8221;{}&#8221; sticky_enabled=&#8221;0&#8243;]<\/p>\n<p><strong><\/strong>Note on data storage: The personal data you provide will be used exclusively for processing and handling your request. No data will be shared with third parties. For detailed information, please refer to the privacy policy.<\/p>\n<p>[\/et_pb_text][\/et_pb_column][\/et_pb_row][\/et_pb_section][et_pb_section fb_built=&#8221;1&#8243; _builder_version=&#8221;4.26.0&#8243; global_module=&#8221;39428&#8243; saved_tabs=&#8221;all&#8221; locked=&#8221;off&#8221; global_colors_info=&#8221;{}&#8221;][et_pb_row column_structure=&#8221;1_2,1_2&#8243; custom_padding_last_edited=&#8221;on|tablet&#8221; _builder_version=&#8221;4.26.0&#8243; background_size=&#8221;initial&#8221; background_position=&#8221;top_left&#8221; background_repeat=&#8221;repeat&#8221; custom_padding=&#8221;||22px||false|false&#8221; custom_padding_tablet=&#8221;30px||&#8221; custom_padding_phone=&#8221;30px||&#8221; global_colors_info=&#8221;{}&#8221;][et_pb_column type=&#8221;1_2&#8243; _builder_version=&#8221;4.26.0&#8243; background_enable_image=&#8221;off&#8221; custom_padding=&#8221;|||&#8221; global_colors_info=&#8221;{}&#8221; custom_padding__hover=&#8221;|||&#8221;][et_pb_image src=&#8221;https:\/\/baerbelsinger.de\/wp-content\/uploads\/2016\/06\/1_bearbeitet-1-1.jpg&#8221; alt=&#8221;Grinberg Methode in Berlin Kreuzberg&#8221; title_text=&#8221;Grinberg Methode in Berlin Kreuzberg&#8221; _builder_version=&#8221;4.26.0&#8243; border_radii=&#8221;off|30px||30px|&#8221; global_colors_info=&#8221;{}&#8221;][\/et_pb_image][\/et_pb_column][et_pb_column type=&#8221;1_2&#8243; _builder_version=&#8221;4.26.0&#8243; custom_padding=&#8221;|||&#8221; global_colors_info=&#8221;{}&#8221; custom_padding__hover=&#8221;|||&#8221;][et_pb_text admin_label=&#8221;H2 \u00dcBERSCHRIFT&#8221; _builder_version=&#8221;4.27.0&#8243; text_line_height=&#8221;1.8em&#8221; header_2_text_color=&#8221;#AE5A13&#8243; header_2_line_height=&#8221;1.3em&#8221; background_size=&#8221;initial&#8221; background_position=&#8221;top_left&#8221; background_repeat=&#8221;repeat&#8221; background_layout=&#8221;dark&#8221; module_alignment=&#8221;left&#8221; custom_margin=&#8221;||19px|||&#8221; custom_margin_tablet=&#8221;||0px|&#8221; custom_margin_phone=&#8221;&#8221; custom_margin_last_edited=&#8221;on|tablet&#8221; custom_padding=&#8221;||2px|||&#8221; border_style=&#8221;solid&#8221; global_colors_info=&#8221;{}&#8221;]<\/p>\n<h2><strong>My Grinberg Studio:<\/strong><\/h2>\n<p>[\/et_pb_text][et_pb_text _builder_version=&#8221;4.27.0&#8243; text_text_color=&#8221;#666&#8243; text_font_size=&#8221;18&#8243; background_size=&#8221;initial&#8221; background_position=&#8221;top_left&#8221; background_repeat=&#8221;repeat&#8221; background_layout=&#8221;dark&#8221; module_alignment=&#8221;left&#8221; custom_margin=&#8221;||-2px|||&#8221; custom_padding=&#8221;||28px|||&#8221; global_colors_info=&#8221;{}&#8221;]<\/p>\n<p><strong>GRINBERG METHOD\u00ae<\/strong><br \/><strong> B\u00f6ckhstr. 40<\/strong><br \/><strong> 10967 Berlin-Kreuzberg-Graefekiez<\/strong><br \/><strong> U 8 \u2013 Sch\u00f6nleinstra\u00dfe<\/strong><\/p>\n<p>[\/et_pb_text][et_pb_text _builder_version=&#8221;4.27.0&#8243; text_text_color=&#8221;#666666&#8243; text_font_size=&#8221;18&#8243; background_size=&#8221;initial&#8221; background_position=&#8221;top_left&#8221; background_repeat=&#8221;repeat&#8221; background_layout=&#8221;dark&#8221; module_alignment=&#8221;left&#8221; global_colors_info=&#8221;{}&#8221;]<\/p>\n<p><strong>From time to time:<\/strong><br \/><a href=\"\/allgaeu\">Dates in Kempten\/Allg\u00e4u<\/a><br \/><strong>Centrum f\u00fcr Creatives Heilen &amp; Pr\u00e4vention<\/strong><br \/>Am Herrenb\u00fchl 4<br \/>87448 Waltenhofen\/Allg\u00e4u<\/p>\n<p>[\/et_pb_text][\/et_pb_column][\/et_pb_row][\/et_pb_section][et_pb_section fb_built=&#8221;1&#8243; fullwidth=&#8221;on&#8221; _builder_version=&#8221;4.16&#8243; locked=&#8221;off&#8221; global_colors_info=&#8221;{}&#8221;][et_pb_fullwidth_map address=&#8221;B\u00f6ckhstra\u00dfe 40, 10967 Berlin, Deutschland&#8221; zoom_level=&#8221;14&#8243; address_lat=&#8221;52.4937332&#8243; address_lng=&#8221;13.4195241&#8243; mouse_wheel=&#8221;off&#8221; _builder_version=&#8221;4.16&#8243; global_colors_info=&#8221;{}&#8221;][et_pb_map_pin title=&#8221;ZENTRUM DER GRINBERG METHODE KREUZBERG GRAEFEKIE&#8221; pin_address=&#8221;B\u00f6ckhstra\u00dfe 40, 10967 Berlin, Deutschland&#8221; zoom_level=&#8221;17&#8243; pin_address_lat=&#8221;52.4937332&#8243; pin_address_lng=&#8221;13.4195241&#8243; _builder_version=&#8221;4.3.2&#8243; global_colors_info=&#8221;{}&#8221;][\/et_pb_map_pin][\/et_pb_fullwidth_map][\/et_pb_section]<\/p>\n","protected":false},"excerpt":{"rendered":"<p>If you have questions about individual sessions or the sMove! training, feel free to send me an email, and I will get back to you promptly.Note on data storage: The personal data you provide will be used exclusively for processing and handling your request. No data will be shared with third parties. For detailed information, [&hellip;]<\/p>\n","protected":false},"author":1,"featured_media":0,"parent":0,"menu_order":0,"comment_status":"closed","ping_status":"closed","template":"","meta":{"_et_pb_use_builder":"on","_et_pb_old_content":"","_et_gb_content_width":"","footnotes":""},"class_list":["post-31894","page","type-page","status-publish","hentry"],"yoast_head":"<!-- This site is optimized with the Yoast SEO plugin v27.6 - https:\/\/yoast.com\/product\/yoast-seo-wordpress\/ -->\n<title>B\u00e4rbel Singer Qualifizierte Praktikerin und Trainerin der Grinberg Methode<\/title>\n<meta name=\"description\" content=\"B\u00e4rbel Singer ist Qualifizierte Praktikerin und Trainerin der Grinberg Methode und leitet das Stop &amp; Roll Event. \u00dcberdies Einzelsitzungen und Workshops.\" \/>\n<meta name=\"robots\" content=\"index, follow, max-snippet:-1, max-image-preview:large, max-video-preview:-1\" \/>\n<link rel=\"canonical\" href=\"https:\/\/baerbelsinger.de\/kontakt-baerbel-singer\/\" \/>\n<meta property=\"og:locale\" content=\"en_US\" \/>\n<meta property=\"og:type\" content=\"article\" \/>\n<meta property=\"og:title\" content=\"B\u00e4rbel Singer Qualifizierte Praktikerin und Trainerin der Grinberg Methode\" \/>\n<meta property=\"og:description\" content=\"B\u00e4rbel Singer ist Qualifizierte Praktikerin und Trainerin der Grinberg Methode und leitet das Stop &amp; Roll Event. \u00dcberdies Einzelsitzungen und Workshops.\" \/>\n<meta property=\"og:url\" content=\"https:\/\/baerbelsinger.de\/kontakt-baerbel-singer\/\" \/>\n<meta property=\"og:site_name\" content=\"B\u00c4RBEL SINGER\" \/>\n<meta property=\"article:publisher\" content=\"https:\/\/www.facebook.com\/GrinbergKreuzberg\/?ref=br_rs&amp;amp%3bamp%3bamp%3bpnref=lhc\" \/>\n<meta property=\"article:modified_time\" content=\"2024-09-26T09:07:17+00:00\" \/>\n<meta name=\"twitter:card\" content=\"summary_large_image\" \/>\n<meta name=\"twitter:label1\" content=\"Est. reading time\" \/>\n\t<meta name=\"twitter:data1\" content=\"2 minutes\" \/>\n<script type=\"application\/ld+json\" class=\"yoast-schema-graph\">{\"@context\":\"https:\\\/\\\/schema.org\",\"@graph\":[{\"@type\":\"WebPage\",\"@id\":\"https:\\\/\\\/baerbelsinger.de\\\/kontakt-baerbel-singer\\\/\",\"url\":\"https:\\\/\\\/baerbelsinger.de\\\/kontakt-baerbel-singer\\\/\",\"name\":\"B\u00e4rbel Singer Qualifizierte Praktikerin und Trainerin der Grinberg Methode\",\"isPartOf\":{\"@id\":\"https:\\\/\\\/baerbelsinger.de\\\/#website\"},\"datePublished\":\"2016-06-06T19:44:17+00:00\",\"dateModified\":\"2024-09-26T09:07:17+00:00\",\"description\":\"B\u00e4rbel Singer ist Qualifizierte Praktikerin und Trainerin der Grinberg Methode und leitet das Stop & Roll Event. \u00dcberdies Einzelsitzungen und Workshops.\",\"breadcrumb\":{\"@id\":\"https:\\\/\\\/baerbelsinger.de\\\/kontakt-baerbel-singer\\\/#breadcrumb\"},\"inLanguage\":\"en-US\",\"potentialAction\":[{\"@type\":\"ReadAction\",\"target\":[\"https:\\\/\\\/baerbelsinger.de\\\/kontakt-baerbel-singer\\\/\"]}]},{\"@type\":\"BreadcrumbList\",\"@id\":\"https:\\\/\\\/baerbelsinger.de\\\/kontakt-baerbel-singer\\\/#breadcrumb\",\"itemListElement\":[{\"@type\":\"ListItem\",\"position\":1,\"name\":\"Startseite\",\"item\":\"https:\\\/\\\/baerbelsinger.de\\\/en\\\/\"},{\"@type\":\"ListItem\",\"position\":2,\"name\":\"CONTACT\"}]},{\"@type\":\"WebSite\",\"@id\":\"https:\\\/\\\/baerbelsinger.de\\\/#website\",\"url\":\"https:\\\/\\\/baerbelsinger.de\\\/\",\"name\":\"B\u00c4RBEL SINGER\",\"description\":\"Qualifizierte Praktikerin und Trainerin der Grinberg Methode\",\"potentialAction\":[{\"@type\":\"SearchAction\",\"target\":{\"@type\":\"EntryPoint\",\"urlTemplate\":\"https:\\\/\\\/baerbelsinger.de\\\/?s={search_term_string}\"},\"query-input\":{\"@type\":\"PropertyValueSpecification\",\"valueRequired\":true,\"valueName\":\"search_term_string\"}}],\"inLanguage\":\"en-US\"}]}<\/script>\n<!-- \/ Yoast SEO plugin. -->","yoast_head_json":{"title":"B\u00e4rbel Singer Qualifizierte Praktikerin und Trainerin der Grinberg Methode","description":"B\u00e4rbel Singer ist Qualifizierte Praktikerin und Trainerin der Grinberg Methode und leitet das Stop & Roll Event. \u00dcberdies Einzelsitzungen und Workshops.","robots":{"index":"index","follow":"follow","max-snippet":"max-snippet:-1","max-image-preview":"max-image-preview:large","max-video-preview":"max-video-preview:-1"},"canonical":"https:\/\/baerbelsinger.de\/kontakt-baerbel-singer\/","og_locale":"en_US","og_type":"article","og_title":"B\u00e4rbel Singer Qualifizierte Praktikerin und Trainerin der Grinberg Methode","og_description":"B\u00e4rbel Singer ist Qualifizierte Praktikerin und Trainerin der Grinberg Methode und leitet das Stop & Roll Event. \u00dcberdies Einzelsitzungen und Workshops.","og_url":"https:\/\/baerbelsinger.de\/kontakt-baerbel-singer\/","og_site_name":"B\u00c4RBEL SINGER","article_publisher":"https:\/\/www.facebook.com\/GrinbergKreuzberg\/?ref=br_rs&amp%3bamp%3bamp%3bpnref=lhc","article_modified_time":"2024-09-26T09:07:17+00:00","twitter_card":"summary_large_image","twitter_misc":{"Est. reading time":"2 minutes"},"schema":{"@context":"https:\/\/schema.org","@graph":[{"@type":"WebPage","@id":"https:\/\/baerbelsinger.de\/kontakt-baerbel-singer\/","url":"https:\/\/baerbelsinger.de\/kontakt-baerbel-singer\/","name":"B\u00e4rbel Singer Qualifizierte Praktikerin und Trainerin der Grinberg Methode","isPartOf":{"@id":"https:\/\/baerbelsinger.de\/#website"},"datePublished":"2016-06-06T19:44:17+00:00","dateModified":"2024-09-26T09:07:17+00:00","description":"B\u00e4rbel Singer ist Qualifizierte Praktikerin und Trainerin der Grinberg Methode und leitet das Stop & Roll Event. \u00dcberdies Einzelsitzungen und Workshops.","breadcrumb":{"@id":"https:\/\/baerbelsinger.de\/kontakt-baerbel-singer\/#breadcrumb"},"inLanguage":"en-US","potentialAction":[{"@type":"ReadAction","target":["https:\/\/baerbelsinger.de\/kontakt-baerbel-singer\/"]}]},{"@type":"BreadcrumbList","@id":"https:\/\/baerbelsinger.de\/kontakt-baerbel-singer\/#breadcrumb","itemListElement":[{"@type":"ListItem","position":1,"name":"Startseite","item":"https:\/\/baerbelsinger.de\/en\/"},{"@type":"ListItem","position":2,"name":"CONTACT"}]},{"@type":"WebSite","@id":"https:\/\/baerbelsinger.de\/#website","url":"https:\/\/baerbelsinger.de\/","name":"B\u00c4RBEL SINGER","description":"Qualifizierte Praktikerin und Trainerin der Grinberg Methode","potentialAction":[{"@type":"SearchAction","target":{"@type":"EntryPoint","urlTemplate":"https:\/\/baerbelsinger.de\/?s={search_term_string}"},"query-input":{"@type":"PropertyValueSpecification","valueRequired":true,"valueName":"search_term_string"}}],"inLanguage":"en-US"}]}},"jetpack_sharing_enabled":true,"_links":{"self":[{"href":"https:\/\/baerbelsinger.de\/en\/wp-json\/wp\/v2\/pages\/31894","targetHints":{"allow":["GET"]}}],"collection":[{"href":"https:\/\/baerbelsinger.de\/en\/wp-json\/wp\/v2\/pages"}],"about":[{"href":"https:\/\/baerbelsinger.de\/en\/wp-json\/wp\/v2\/types\/page"}],"author":[{"embeddable":true,"href":"https:\/\/baerbelsinger.de\/en\/wp-json\/wp\/v2\/users\/1"}],"replies":[{"embeddable":true,"href":"https:\/\/baerbelsinger.de\/en\/wp-json\/wp\/v2\/comments?post=31894"}],"version-history":[{"count":12,"href":"https:\/\/baerbelsinger.de\/en\/wp-json\/wp\/v2\/pages\/31894\/revisions"}],"predecessor-version":[{"id":39528,"href":"https:\/\/baerbelsinger.de\/en\/wp-json\/wp\/v2\/pages\/31894\/revisions\/39528"}],"wp:attachment":[{"href":"https:\/\/baerbelsinger.de\/en\/wp-json\/wp\/v2\/media?parent=31894"}],"curies":[{"name":"wp","href":"https:\/\/api.w.org\/{rel}","templated":true}]}}